{"id":332,"date":"2024-08-07T11:17:42","date_gmt":"2024-08-07T09:17:42","guid":{"rendered":"https:\/\/ultraduchsanu.pl\/?page_id=332"},"modified":"2025-10-08T11:42:01","modified_gmt":"2025-10-08T09:42:01","slug":"regulamin","status":"publish","type":"page","link":"https:\/\/ultraduchsanu.pl\/?page_id=332","title":{"rendered":"Regulamin"},"content":{"rendered":"\t\t<div data-elementor-type=\"wp-page\" data-elementor-id=\"332\" class=\"elementor elementor-332\" data-elementor-post-type=\"page\">\n\t\t\t\t\t\t<section class=\"elementor-section elementor-top-section elementor-element elementor-element-2387c76d elementor-section-height-min-height elementor-section-boxed elementor-section-height-default elementor-section-items-middle\" data-id=\"2387c76d\" data-element_type=\"section\" data-e-type=\"section\" data-settings=\"{&quot;background_background&quot;:&quot;classic&quot;}\">\n\t\t\t\t\t\t\t<div class=\"elementor-background-overlay\"><\/div>\n\t\t\t\t\t\t\t<div class=\"elementor-container elementor-column-gap-default\">\n\t\t\t\t\t<div class=\"elementor-column elementor-col-100 elementor-top-column elementor-element elementor-element-e7c01fe\" data-id=\"e7c01fe\" data-element_type=\"column\" data-e-type=\"column\">\n\t\t\t<div class=\"elementor-widget-wrap elementor-element-populated\">\n\t\t\t\t\t\t<div class=\"elementor-element elementor-element-6e4c51d0 elementor-widget elementor-widget-heading\" data-id=\"6e4c51d0\" data-element_type=\"widget\" data-e-type=\"widget\" data-widget_type=\"heading.default\">\n\t\t\t\t<div class=\"elementor-widget-container\">\n\t\t\t\t\t<h1 class=\"elementor-heading-title elementor-size-default\">REGULAMIN<\/h1>\t\t\t\t<\/div>\n\t\t\t\t<\/div>\n\t\t\t\t\t<\/div>\n\t\t<\/div>\n\t\t\t\t\t<\/div>\n\t\t<\/section>\n\t\t\t\t<section class=\"elementor-section elementor-top-section elementor-element elementor-element-2e7be76 elementor-section-boxed elementor-section-height-default elementor-section-height-default\" data-id=\"2e7be76\" data-element_type=\"section\" data-e-type=\"section\">\n\t\t\t\t\t\t<div class=\"elementor-container elementor-column-gap-default\">\n\t\t\t\t\t<div class=\"elementor-column elementor-col-100 elementor-top-column elementor-element elementor-element-b54e8b0\" data-id=\"b54e8b0\" data-element_type=\"column\" data-e-type=\"column\">\n\t\t\t<div class=\"elementor-widget-wrap elementor-element-populated\">\n\t\t\t\t\t\t<div class=\"elementor-element elementor-element-ca35d09 elementor-widget elementor-widget-spacer\" data-id=\"ca35d09\" data-element_type=\"widget\" data-e-type=\"widget\" data-widget_type=\"spacer.default\">\n\t\t\t\t<div class=\"elementor-widget-container\">\n\t\t\t\t\t\t\t<div class=\"elementor-spacer\">\n\t\t\t<div class=\"elementor-spacer-inner\"><\/div>\n\t\t<\/div>\n\t\t\t\t\t\t<\/div>\n\t\t\t\t<\/div>\n\t\t\t\t\t<\/div>\n\t\t<\/div>\n\t\t\t\t\t<\/div>\n\t\t<\/section>\n\t\t\t\t<section class=\"elementor-section elementor-top-section elementor-element elementor-element-1be0603 elementor-section-boxed elementor-section-height-default elementor-section-height-default\" data-id=\"1be0603\" data-element_type=\"section\" data-e-type=\"section\">\n\t\t\t\t\t\t<div class=\"elementor-container elementor-column-gap-default\">\n\t\t\t\t\t<div class=\"elementor-column elementor-col-100 elementor-top-column elementor-element elementor-element-4f63e90\" data-id=\"4f63e90\" data-element_type=\"column\" data-e-type=\"column\" data-settings=\"{&quot;background_background&quot;:&quot;classic&quot;}\">\n\t\t\t<div class=\"elementor-widget-wrap elementor-element-populated\">\n\t\t\t\t\t\t<div class=\"elementor-element elementor-element-f30e154 elementor-align-center elementor-widget elementor-widget-button\" data-id=\"f30e154\" data-element_type=\"widget\" data-e-type=\"widget\" data-widget_type=\"button.default\">\n\t\t\t\t<div class=\"elementor-widget-container\">\n\t\t\t\t\t\t\t\t\t<div class=\"elementor-button-wrapper\">\n\t\t\t\t\t<a class=\"elementor-button elementor-button-link elementor-size-sm\" href=\"#\">\n\t\t\t\t\t\t<span class=\"elementor-button-content-wrapper\">\n\t\t\t\t\t\t\t\t\t<span class=\"elementor-button-text\">REGULAMIN ULTRA DUCHA SANU<\/span>\n\t\t\t\t\t<\/span>\n\t\t\t\t\t<\/a>\n\t\t\t\t<\/div>\n\t\t\t\t\t\t\t\t<\/div>\n\t\t\t\t<\/div>\n\t\t\t\t\t<\/div>\n\t\t<\/div>\n\t\t\t\t\t<\/div>\n\t\t<\/section>\n\t\t\t\t<section class=\"elementor-section elementor-top-section elementor-element elementor-element-b85b2c6 elementor-section-boxed elementor-section-height-default elementor-section-height-default\" data-id=\"b85b2c6\" data-element_type=\"section\" data-e-type=\"section\">\n\t\t\t\t\t\t<div class=\"elementor-container elementor-column-gap-default\">\n\t\t\t\t\t<div class=\"elementor-column elementor-col-100 elementor-top-column elementor-element elementor-element-4d2c2ca\" data-id=\"4d2c2ca\" data-element_type=\"column\" data-e-type=\"column\">\n\t\t\t<div class=\"elementor-widget-wrap elementor-element-populated\">\n\t\t\t\t\t\t<div class=\"elementor-element elementor-element-77cb4fe elementor-widget elementor-widget-text-editor\" data-id=\"77cb4fe\" data-element_type=\"widget\" data-e-type=\"widget\" data-widget_type=\"text-editor.default\">\n\t\t\t\t<div class=\"elementor-widget-container\">\n\t\t\t\t\t\t\t\t\t<p>Poni\u017cej, klikaj\u0105c w przycisk, b\u0119dziesz m\u00f3g\u0142 pobra\u0107\u00a0<strong>Regulamin Ultra Ducha Sanu<\/strong>\u00a0<strong>wraz z informacj\u0105 o przetwarzaniu danych osobowych<\/strong>. Zapoznaj si\u0119 z nim. Znajdziesz w nim m.in. warunki uczestnictwa, zasady zapis\u00f3w, dokonywania wp\u0142at, przebieg maratonu, zobowi\u0105zania, \u015bwiadczenia, a tak\u017ce informacje dotycz\u0105ce op\u0142aty startowej i dane potrzebne do jej uiszczenia.<\/p><p><b>Przes\u0142anie zg\u0142oszenia uczestnictwa jest to\u017csame z akceptacj\u0105 Regulaminu Ultra Duch Sanu<\/b><\/p><p>Ostateczna wersja regulaminu zostanie opublikowana w dniu otwarcia zapis\u00f3w, czyli 1.09.2024<\/p>\t\t\t\t\t\t\t\t<\/div>\n\t\t\t\t<\/div>\n\t\t\t\t\t<\/div>\n\t\t<\/div>\n\t\t\t\t\t<\/div>\n\t\t<\/section>\n\t\t\t\t<section class=\"elementor-section elementor-top-section elementor-element elementor-element-40dbe7e elementor-section-boxed elementor-section-height-default elementor-section-height-default\" data-id=\"40dbe7e\" data-element_type=\"section\" data-e-type=\"section\">\n\t\t\t\t\t\t<div class=\"elementor-container elementor-column-gap-default\">\n\t\t\t\t\t<div class=\"elementor-column elementor-col-100 elementor-top-column elementor-element elementor-element-0902df5\" data-id=\"0902df5\" data-element_type=\"column\" data-e-type=\"column\">\n\t\t\t<div class=\"elementor-widget-wrap elementor-element-populated\">\n\t\t\t\t\t\t<div class=\"elementor-element elementor-element-342f3a1 elementor-align-center elementor-widget elementor-widget-button\" data-id=\"342f3a1\" data-element_type=\"widget\" data-e-type=\"widget\" data-widget_type=\"button.default\">\n\t\t\t\t<div class=\"elementor-widget-container\">\n\t\t\t\t\t\t\t\t\t<div class=\"elementor-button-wrapper\">\n\t\t\t\t\t<a class=\"elementor-button elementor-button-link elementor-size-sm elementor-animation-pulse\" href=\"http:\/\/ultraduchsanu.pl\/wp-content\/uploads\/2025\/10\/REGULAMIN-ULTRA-DUCH-SANU-2025-I-INFORMACJA-O-PRZETWARZANIU-DANYCH-31.08.24.pdf\" target=\"_blank\">\n\t\t\t\t\t\t<span class=\"elementor-button-content-wrapper\">\n\t\t\t\t\t\t\t\t\t<span class=\"elementor-button-text\">POBIERZ REGULAMIN [PDF] <\/span>\n\t\t\t\t\t<\/span>\n\t\t\t\t\t<\/a>\n\t\t\t\t<\/div>\n\t\t\t\t\t\t\t\t<\/div>\n\t\t\t\t<\/div>\n\t\t\t\t\t<\/div>\n\t\t<\/div>\n\t\t\t\t\t<\/div>\n\t\t<\/section>\n\t\t\t\t<section class=\"elementor-section elementor-top-section elementor-element elementor-element-13420c0 elementor-section-boxed elementor-section-height-default elementor-section-height-default\" data-id=\"13420c0\" data-element_type=\"section\" data-e-type=\"section\">\n\t\t\t\t\t\t<div class=\"elementor-container elementor-column-gap-default\">\n\t\t\t\t\t<div class=\"elementor-column elementor-col-100 elementor-top-column elementor-element elementor-element-e7eb3dc\" data-id=\"e7eb3dc\" data-element_type=\"column\" data-e-type=\"column\">\n\t\t\t<div class=\"elementor-widget-wrap elementor-element-populated\">\n\t\t\t\t\t\t<div class=\"elementor-element elementor-element-820a1cf elementor-widget elementor-widget-spacer\" data-id=\"820a1cf\" data-element_type=\"widget\" data-e-type=\"widget\" data-widget_type=\"spacer.default\">\n\t\t\t\t<div class=\"elementor-widget-container\">\n\t\t\t\t\t\t\t<div class=\"elementor-spacer\">\n\t\t\t<div class=\"elementor-spacer-inner\"><\/div>\n\t\t<\/div>\n\t\t\t\t\t\t<\/div>\n\t\t\t\t<\/div>\n\t\t\t\t\t<\/div>\n\t\t<\/div>\n\t\t\t\t\t<\/div>\n\t\t<\/section>\n\t\t\t\t<section class=\"elementor-section elementor-top-section elementor-element elementor-element-3e1b3a8 elementor-section-boxed elementor-section-height-default elementor-section-height-default\" data-id=\"3e1b3a8\" data-element_type=\"section\" data-e-type=\"section\">\n\t\t\t\t\t\t<div class=\"elementor-container elementor-column-gap-default\">\n\t\t\t\t\t<div class=\"elementor-column elementor-col-100 elementor-top-column elementor-element elementor-element-25f8ea8\" data-id=\"25f8ea8\" data-element_type=\"column\" data-e-type=\"column\">\n\t\t\t<div class=\"elementor-widget-wrap elementor-element-populated\">\n\t\t\t\t\t\t<div class=\"elementor-element elementor-element-98dffd0 elementor-widget elementor-widget-image\" data-id=\"98dffd0\" data-element_type=\"widget\" data-e-type=\"widget\" data-widget_type=\"image.default\">\n\t\t\t\t<div class=\"elementor-widget-container\">\n\t\t\t\t\t\t\t\t\t\t\t\t\t\t\t<img decoding=\"async\" width=\"200\" height=\"120\" src=\"https:\/\/ultraduchsanu.pl\/wp-content\/uploads\/2024\/08\/Ultra-Duch-Sanu-logo-e1723115851933.png\" class=\"attachment-medium size-medium wp-image-444\" alt=\"\" \/>\t\t\t\t\t\t\t\t\t\t\t\t\t\t\t<\/div>\n\t\t\t\t<\/div>\n\t\t\t\t\t<\/div>\n\t\t<\/div>\n\t\t\t\t\t<\/div>\n\t\t<\/section>\n\t\t\t\t<\/div>\n\t\t","protected":false},"excerpt":{"rendered":"<p>REGULAMIN REGULAMIN ULTRA DUCHA SANU Poni\u017cej, klikaj\u0105c w przycisk, b\u0119dziesz m\u00f3g\u0142 pobra\u0107\u00a0Regulamin Ultra Ducha Sanu\u00a0wraz z informacj\u0105 o przetwarzaniu danych osobowych. Zapoznaj si\u0119 z nim. Znajdziesz w nim m.in. warunki uczestnictwa, zasady zapis\u00f3w, dokonywania wp\u0142at, przebieg maratonu, zobowi\u0105zania, \u015bwiadczenia, a tak\u017ce informacje dotycz\u0105ce op\u0142aty startowej i dane potrzebne do jej uiszczenia. Przes\u0142anie zg\u0142oszenia uczestnictwa jest [&hellip;]<\/p>\n","protected":false},"author":1,"featured_media":0,"parent":0,"menu_order":0,"comment_status":"closed","ping_status":"closed","template":"","meta":{"site-sidebar-layout":"no-sidebar","site-content-layout":"","ast-site-content-layout":"full-width-container","site-content-style":"default","site-sidebar-style":"default","ast-global-header-display":"","ast-banner-title-visibility":"","ast-main-header-display":"","ast-hfb-above-header-display":"","ast-hfb-below-header-display":"","ast-hfb-mobile-header-display":"","site-post-title":"disabled","ast-breadcrumbs-content":"","ast-featured-img":"disabled","footer-sml-layout":"","ast-disable-related-posts":"","theme-transparent-header-meta":"","adv-header-id-meta":"","stick-header-meta":"","header-above-stick-meta":"","header-main-stick-meta":"","header-below-stick-meta":"","astra-migrate-meta-layouts":"default","ast-page-background-enabled":"default","ast-page-background-meta":{"desktop":{"background-color":"var(--ast-global-color-4)","background-image":"","background-repeat":"repeat","background-position":"center center","background-size":"auto","background-attachment":"scroll","background-type":"","background-media":"","overlay-type":"","overlay-color":"","overlay-opacity":"","overlay-gradient":""},"tablet":{"background-color":"","background-image":"","background-repeat":"repeat","background-position":"center center","background-size":"auto","background-attachment":"scroll","background-type":"","background-media":"","overlay-type":"","overlay-color":"","overlay-opacity":"","overlay-gradient":""},"mobile":{"background-color":"","background-image":"","background-repeat":"repeat","background-position":"center center","background-size":"auto","background-attachment":"scroll","background-type":"","background-media":"","overlay-type":"","overlay-color":"","overlay-opacity":"","overlay-gradient":""}},"ast-content-background-meta":{"desktop":{"background-color":"var(--ast-global-color-5)","background-image":"","background-repeat":"repeat","background-position":"center center","background-size":"auto","background-attachment":"scroll","background-type":"","background-media":"","overlay-type":"","overlay-color":"","overlay-opacity":"","overlay-gradient":""},"tablet":{"background-color":"var(--ast-global-color-5)","background-image":"","background-repeat":"repeat","background-position":"center center","background-size":"auto","background-attachment":"scroll","background-type":"","background-media":"","overlay-type":"","overlay-color":"","overlay-opacity":"","overlay-gradient":""},"mobile":{"background-color":"var(--ast-global-color-5)","background-image":"","background-repeat":"repeat","background-position":"center center","background-size":"auto","background-attachment":"scroll","background-type":"","background-media":"","overlay-type":"","overlay-color":"","overlay-opacity":"","overlay-gradient":""}},"footnotes":""},"class_list":["post-332","page","type-page","status-publish","hentry"],"yoast_head":"<!-- This site is optimized with the Yoast SEO plugin v27.5 - https:\/\/yoast.com\/product\/yoast-seo-wordpress\/ -->\n<title>Regulamin - Ultra Duch Sanu<\/title>\n<meta name=\"robots\" content=\"index, follow, max-snippet:-1, max-image-preview:large, max-video-preview:-1\" \/>\n<link rel=\"canonical\" href=\"https:\/\/ultraduchsanu.pl\/?page_id=332\" \/>\n<meta property=\"og:locale\" content=\"pl_PL\" \/>\n<meta property=\"og:type\" content=\"article\" \/>\n<meta property=\"og:title\" content=\"Regulamin - Ultra Duch Sanu\" \/>\n<meta property=\"og:description\" content=\"REGULAMIN REGULAMIN ULTRA DUCHA SANU Poni\u017cej, klikaj\u0105c w przycisk, b\u0119dziesz m\u00f3g\u0142 pobra\u0107\u00a0Regulamin Ultra Ducha Sanu\u00a0wraz z informacj\u0105 o przetwarzaniu danych osobowych. Zapoznaj si\u0119 z nim. Znajdziesz w nim m.in. warunki uczestnictwa, zasady zapis\u00f3w, dokonywania wp\u0142at, przebieg maratonu, zobowi\u0105zania, \u015bwiadczenia, a tak\u017ce informacje dotycz\u0105ce op\u0142aty startowej i dane potrzebne do jej uiszczenia. Przes\u0142anie zg\u0142oszenia uczestnictwa jest [&hellip;]\" \/>\n<meta property=\"og:url\" content=\"https:\/\/ultraduchsanu.pl\/?page_id=332\" \/>\n<meta property=\"og:site_name\" content=\"Ultra Duch Sanu\" \/>\n<meta property=\"article:publisher\" content=\"https:\/\/www.facebook.com\/profile.php?id=61552991845044\" \/>\n<meta property=\"article:modified_time\" content=\"2025-10-08T09:42:01+00:00\" \/>\n<meta property=\"og:image\" content=\"http:\/\/ultraduchsanu.pl\/wp-content\/uploads\/2024\/08\/Ultra-Duch-Sanu-logo-e1723115851933.png\" \/>\n<meta name=\"twitter:card\" content=\"summary_large_image\" \/>\n<meta name=\"twitter:label1\" content=\"Szacowany czas czytania\" \/>\n\t<meta name=\"twitter:data1\" content=\"1 minuta\" \/>\n<script type=\"application\/ld+json\" class=\"yoast-schema-graph\">{\"@context\":\"https:\\\/\\\/schema.org\",\"@graph\":[{\"@type\":\"WebPage\",\"@id\":\"https:\\\/\\\/ultraduchsanu.pl\\\/?page_id=332\",\"url\":\"https:\\\/\\\/ultraduchsanu.pl\\\/?page_id=332\",\"name\":\"Regulamin - Ultra Duch Sanu\",\"isPartOf\":{\"@id\":\"http:\\\/\\\/ultraduchsanu.pl\\\/#website\"},\"primaryImageOfPage\":{\"@id\":\"https:\\\/\\\/ultraduchsanu.pl\\\/?page_id=332#primaryimage\"},\"image\":{\"@id\":\"https:\\\/\\\/ultraduchsanu.pl\\\/?page_id=332#primaryimage\"},\"thumbnailUrl\":\"http:\\\/\\\/ultraduchsanu.pl\\\/wp-content\\\/uploads\\\/2024\\\/08\\\/Ultra-Duch-Sanu-logo-e1723115851933.png\",\"datePublished\":\"2024-08-07T09:17:42+00:00\",\"dateModified\":\"2025-10-08T09:42:01+00:00\",\"breadcrumb\":{\"@id\":\"https:\\\/\\\/ultraduchsanu.pl\\\/?page_id=332#breadcrumb\"},\"inLanguage\":\"pl-PL\",\"potentialAction\":[{\"@type\":\"ReadAction\",\"target\":[\"https:\\\/\\\/ultraduchsanu.pl\\\/?page_id=332\"]}]},{\"@type\":\"ImageObject\",\"inLanguage\":\"pl-PL\",\"@id\":\"https:\\\/\\\/ultraduchsanu.pl\\\/?page_id=332#primaryimage\",\"url\":\"https:\\\/\\\/ultraduchsanu.pl\\\/wp-content\\\/uploads\\\/2024\\\/08\\\/Ultra-Duch-Sanu-logo-e1723115851933.png\",\"contentUrl\":\"https:\\\/\\\/ultraduchsanu.pl\\\/wp-content\\\/uploads\\\/2024\\\/08\\\/Ultra-Duch-Sanu-logo-e1723115851933.png\",\"width\":200,\"height\":120},{\"@type\":\"BreadcrumbList\",\"@id\":\"https:\\\/\\\/ultraduchsanu.pl\\\/?page_id=332#breadcrumb\",\"itemListElement\":[{\"@type\":\"ListItem\",\"position\":1,\"name\":\"Strona g\u0142\u00f3wna\",\"item\":\"http:\\\/\\\/ultraduchsanu.pl\\\/\"},{\"@type\":\"ListItem\",\"position\":2,\"name\":\"Regulamin\"}]},{\"@type\":\"WebSite\",\"@id\":\"http:\\\/\\\/ultraduchsanu.pl\\\/#website\",\"url\":\"http:\\\/\\\/ultraduchsanu.pl\\\/\",\"name\":\"Ultra Duch Sanu\",\"description\":\"\",\"publisher\":{\"@id\":\"http:\\\/\\\/ultraduchsanu.pl\\\/#organization\"},\"potentialAction\":[{\"@type\":\"SearchAction\",\"target\":{\"@type\":\"EntryPoint\",\"urlTemplate\":\"http:\\\/\\\/ultraduchsanu.pl\\\/?s={search_term_string}\"},\"query-input\":{\"@type\":\"PropertyValueSpecification\",\"valueRequired\":true,\"valueName\":\"search_term_string\"}}],\"inLanguage\":\"pl-PL\"},{\"@type\":\"Organization\",\"@id\":\"http:\\\/\\\/ultraduchsanu.pl\\\/#organization\",\"name\":\"Ultra Duch Sanu\",\"url\":\"http:\\\/\\\/ultraduchsanu.pl\\\/\",\"logo\":{\"@type\":\"ImageObject\",\"inLanguage\":\"pl-PL\",\"@id\":\"http:\\\/\\\/ultraduchsanu.pl\\\/#\\\/schema\\\/logo\\\/image\\\/\",\"url\":\"https:\\\/\\\/ultraduchsanu.pl\\\/wp-content\\\/uploads\\\/2024\\\/08\\\/UDS.jpg\",\"contentUrl\":\"https:\\\/\\\/ultraduchsanu.pl\\\/wp-content\\\/uploads\\\/2024\\\/08\\\/UDS.jpg\",\"width\":820,\"height\":360,\"caption\":\"Ultra Duch Sanu\"},\"image\":{\"@id\":\"http:\\\/\\\/ultraduchsanu.pl\\\/#\\\/schema\\\/logo\\\/image\\\/\"},\"sameAs\":[\"https:\\\/\\\/www.facebook.com\\\/profile.php?id=61552991845044\"]}]}<\/script>\n<!-- \/ Yoast SEO plugin. -->","yoast_head_json":{"title":"Regulamin - Ultra Duch Sanu","robots":{"index":"index","follow":"follow","max-snippet":"max-snippet:-1","max-image-preview":"max-image-preview:large","max-video-preview":"max-video-preview:-1"},"canonical":"https:\/\/ultraduchsanu.pl\/?page_id=332","og_locale":"pl_PL","og_type":"article","og_title":"Regulamin - Ultra Duch Sanu","og_description":"REGULAMIN REGULAMIN ULTRA DUCHA SANU Poni\u017cej, klikaj\u0105c w przycisk, b\u0119dziesz m\u00f3g\u0142 pobra\u0107\u00a0Regulamin Ultra Ducha Sanu\u00a0wraz z informacj\u0105 o przetwarzaniu danych osobowych. Zapoznaj si\u0119 z nim. Znajdziesz w nim m.in. warunki uczestnictwa, zasady zapis\u00f3w, dokonywania wp\u0142at, przebieg maratonu, zobowi\u0105zania, \u015bwiadczenia, a tak\u017ce informacje dotycz\u0105ce op\u0142aty startowej i dane potrzebne do jej uiszczenia. Przes\u0142anie zg\u0142oszenia uczestnictwa jest [&hellip;]","og_url":"https:\/\/ultraduchsanu.pl\/?page_id=332","og_site_name":"Ultra Duch Sanu","article_publisher":"https:\/\/www.facebook.com\/profile.php?id=61552991845044","article_modified_time":"2025-10-08T09:42:01+00:00","og_image":[{"url":"http:\/\/ultraduchsanu.pl\/wp-content\/uploads\/2024\/08\/Ultra-Duch-Sanu-logo-e1723115851933.png","type":"","width":"","height":""}],"twitter_card":"summary_large_image","twitter_misc":{"Szacowany czas czytania":"1 minuta"},"schema":{"@context":"https:\/\/schema.org","@graph":[{"@type":"WebPage","@id":"https:\/\/ultraduchsanu.pl\/?page_id=332","url":"https:\/\/ultraduchsanu.pl\/?page_id=332","name":"Regulamin - Ultra Duch Sanu","isPartOf":{"@id":"http:\/\/ultraduchsanu.pl\/#website"},"primaryImageOfPage":{"@id":"https:\/\/ultraduchsanu.pl\/?page_id=332#primaryimage"},"image":{"@id":"https:\/\/ultraduchsanu.pl\/?page_id=332#primaryimage"},"thumbnailUrl":"http:\/\/ultraduchsanu.pl\/wp-content\/uploads\/2024\/08\/Ultra-Duch-Sanu-logo-e1723115851933.png","datePublished":"2024-08-07T09:17:42+00:00","dateModified":"2025-10-08T09:42:01+00:00","breadcrumb":{"@id":"https:\/\/ultraduchsanu.pl\/?page_id=332#breadcrumb"},"inLanguage":"pl-PL","potentialAction":[{"@type":"ReadAction","target":["https:\/\/ultraduchsanu.pl\/?page_id=332"]}]},{"@type":"ImageObject","inLanguage":"pl-PL","@id":"https:\/\/ultraduchsanu.pl\/?page_id=332#primaryimage","url":"https:\/\/ultraduchsanu.pl\/wp-content\/uploads\/2024\/08\/Ultra-Duch-Sanu-logo-e1723115851933.png","contentUrl":"https:\/\/ultraduchsanu.pl\/wp-content\/uploads\/2024\/08\/Ultra-Duch-Sanu-logo-e1723115851933.png","width":200,"height":120},{"@type":"BreadcrumbList","@id":"https:\/\/ultraduchsanu.pl\/?page_id=332#breadcrumb","itemListElement":[{"@type":"ListItem","position":1,"name":"Strona g\u0142\u00f3wna","item":"http:\/\/ultraduchsanu.pl\/"},{"@type":"ListItem","position":2,"name":"Regulamin"}]},{"@type":"WebSite","@id":"http:\/\/ultraduchsanu.pl\/#website","url":"http:\/\/ultraduchsanu.pl\/","name":"Ultra Duch Sanu","description":"","publisher":{"@id":"http:\/\/ultraduchsanu.pl\/#organization"},"potentialAction":[{"@type":"SearchAction","target":{"@type":"EntryPoint","urlTemplate":"http:\/\/ultraduchsanu.pl\/?s={search_term_string}"},"query-input":{"@type":"PropertyValueSpecification","valueRequired":true,"valueName":"search_term_string"}}],"inLanguage":"pl-PL"},{"@type":"Organization","@id":"http:\/\/ultraduchsanu.pl\/#organization","name":"Ultra Duch Sanu","url":"http:\/\/ultraduchsanu.pl\/","logo":{"@type":"ImageObject","inLanguage":"pl-PL","@id":"http:\/\/ultraduchsanu.pl\/#\/schema\/logo\/image\/","url":"https:\/\/ultraduchsanu.pl\/wp-content\/uploads\/2024\/08\/UDS.jpg","contentUrl":"https:\/\/ultraduchsanu.pl\/wp-content\/uploads\/2024\/08\/UDS.jpg","width":820,"height":360,"caption":"Ultra Duch Sanu"},"image":{"@id":"http:\/\/ultraduchsanu.pl\/#\/schema\/logo\/image\/"},"sameAs":["https:\/\/www.facebook.com\/profile.php?id=61552991845044"]}]}},"_links":{"self":[{"href":"https:\/\/ultraduchsanu.pl\/index.php?rest_route=\/wp\/v2\/pages\/332","targetHints":{"allow":["GET"]}}],"collection":[{"href":"https:\/\/ultraduchsanu.pl\/index.php?rest_route=\/wp\/v2\/pages"}],"about":[{"href":"https:\/\/ultraduchsanu.pl\/index.php?rest_route=\/wp\/v2\/types\/page"}],"author":[{"embeddable":true,"href":"https:\/\/ultraduchsanu.pl\/index.php?rest_route=\/wp\/v2\/users\/1"}],"replies":[{"embeddable":true,"href":"https:\/\/ultraduchsanu.pl\/index.php?rest_route=%2Fwp%2Fv2%2Fcomments&post=332"}],"version-history":[{"count":49,"href":"https:\/\/ultraduchsanu.pl\/index.php?rest_route=\/wp\/v2\/pages\/332\/revisions"}],"predecessor-version":[{"id":1878,"href":"https:\/\/ultraduchsanu.pl\/index.php?rest_route=\/wp\/v2\/pages\/332\/revisions\/1878"}],"wp:attachment":[{"href":"https:\/\/ultraduchsanu.pl\/index.php?rest_route=%2Fwp%2Fv2%2Fmedia&parent=332"}],"curies":[{"name":"wp","href":"https:\/\/api.w.org\/{rel}","templated":true}]}}